{"id":27,"date":"2024-04-25T12:29:21","date_gmt":"2024-04-25T15:29:21","guid":{"rendered":"http:\/\/controladoria-geral.sorocaba.sp.gov.br\/acesso-a-informacao\/?page_id=27"},"modified":"2024-10-22T12:23:55","modified_gmt":"2024-10-22T14:23:55","slug":"legislacao-e-normas","status":"publish","type":"page","link":"https:\/\/controladoria-geral.sorocaba.sp.gov.br\/acesso-a-informacao\/legislacao-e-normas\/","title":{"rendered":"Legisla\u00e7\u00e3o e Normas"},"content":{"rendered":"<h4>Neste local est\u00e3o divulgadas as legisla\u00e7\u00f5es e as normas relacionadas \u00e0 Lei de Acesso \u00e0 Informa\u00e7\u00e3o no \u00e2mbito da Prefeitura Municipal de Sorocaba.<\/h4>\n<p>&nbsp;<\/p>\n<ul>\n<li><strong><a href=\"https:\/\/www.planalto.gov.br\/ccivil_03\/constituicao\/constituicaocompilado.htm\" target=\"_blank\" rel=\"noopener\">Constitui\u00e7\u00e3o da Rep\u00fablica Federativa do Brasil<\/a><\/strong><\/li>\n<\/ul>\n<p>&nbsp;<\/p>\n<h5>LEGISLA\u00c7\u00c3O<\/h5>\n<ul>\n<li><strong><a href=\"http:\/\/www.planalto.gov.br\/ccivil_03\/_Ato2011-2014\/2011\/Lei\/L12527.htm\" target=\"_blank\" rel=\"noopener\">Lei de Acesso \u00e0 Informa\u00e7\u00e3o<\/a><\/strong><\/li>\n<\/ul>\n<ul>Regula o acesso a informa\u00e7\u00f5es previsto no inciso XXXIII do art. 5\u00ba , no inciso II do \u00a7 3\u00ba do art. 37 e no \u00a7 2\u00ba do art. 216 da Constitui\u00e7\u00e3o Federal; altera a Lei n\u00ba 8.112, de 11 de dezembro de 1990; revoga a Lei n\u00ba 11.111, de 5 de maio de 2005, e dispositivos da Lei n\u00ba 8.159, de 8 de janeiro de 1991; e d\u00e1 outras provid\u00eancias.<\/ul>\n<p>&nbsp;<\/p>\n<h5>DECRETOS<\/h5>\n<ul>\n<li><strong><a href=\"https:\/\/leismunicipais.com.br\/a1\/sp\/s\/sorocaba\/decreto\/2015\/2171\/21704\/decreto-n-21704-2015-regulamenta-o-acesso-a-informacoes-previsto-no-inciso-xxxiii-do-artigo-5-da-constituicao-federal-no-ambito-da-administracao-publica-direta-e-indireta-do-municipio-de-sorocaba-conforme-as-normas-gerais-emanadas-da-lei-federal-n-12527-de-18-de-novembro-de-2011?q=21704\">Decreto Municipal n\u00ba 21.704, de 11 de mar\u00e7o de 2015<\/a><\/strong><\/li>\n<\/ul>\n<ul>Regulamenta o acesso a informa\u00e7\u00f5es; Institui o Servi\u00e7o de Informa\u00e7\u00f5es ao Cidad\u00e3o \u2013 SIC, no \u00e2mbito Secretaria de Governo e Seguran\u00e7a Comunit\u00e1ria \u2013 SEG; Institui o N\u00facleo de Gerenciamento do Acesso \u00e0 Informa\u00e7\u00e3o P\u00fablica, no \u00e2mbito Secretaria de Governo e Seguran\u00e7a Comunit\u00e1ria \u2013 SEG.<\/ul>\n<ul>\n<li><strong><a href=\"https:\/\/leismunicipais.com.br\/a1\/sp\/s\/sorocaba\/decreto\/2015\/2204\/22039\/decreto-n-22039-2015-cria-e-regulamenta-a-central-de-atendimento-ao-cidadao-e-o-tratamento-as-demandas-recebidas-referentes-aos-assuntos-de-responsabilidade-da-administracao-direta-e-in?q=22039\">Decreto Municipal n\u00ba 22.039, de 11 de novembro de 2015<\/a><\/strong><\/li>\n<\/ul>\n<ul>Cria e regulamenta a Central de Atendimento ao Cidad\u00e3o; Passa a abranger a opera\u00e7\u00e3o do Servi\u00e7o de Informa\u00e7\u00f5es ao Cidad\u00e3o \u2013 SIC, no \u00e2mbito da Secretaria de Planejamento e Gest\u00e3o \u2013 SPG.<\/p>\n<li><strong><a href=\"https:\/\/leismunicipais.com.br\/a1\/sp\/s\/sorocaba\/decreto\/2016\/2249\/22490\/decreto-n-22490-2016-revoga-o-decreto-n-21705-de-11-de-marco-de-2015-revoga-o-decreto-n-22040-de-11-de-novembro-de-2015-revoga-o-decreto-n-22370-de-11-de-agosto-de-2016-nomeia-os-representantes-de-servicos-e-informacoes-rsis-da-central-de-atendimento-ao-cidadao-de-que-trata-o-decreto-n-22039-de-11-de-novembro-de-2015-dispoe-sobre-a-instituicao-do-nucleo-de-gerenciamento-do-acesso-a-informacao-publica-e-seu-coordenador-na-secretaria-de-governo-e-seguranca-comunitaria-e-nomeacao-de-seus-membros-e-dispoe-sobre-a-designacao-da-autoridade-gestora-municipal-nos-termos-da-lei-federal-n-12527-de-18-de-novembro-de-2011-e-decreto-n-21704-de-11-de-marco-de-2015?q=22490\">Decreto Municipal n\u00ba 22.490, de 08 de dezembro de 2016<\/a><\/strong><\/li>\n<\/ul>\n<ul>Revoga o Decreto n\u00ba 21.705, de 11 de mar\u00e7o de 2015; revoga o Decreto n\u00ba 22.040, de 11 de novembro de 2015; revoga o Decreto n\u00ba 22.370, de 11 de agosto de 2016; nomeia os representantes de Servi\u00e7os e Informa\u00e7\u00f5es (RSIS), da Central de Atendimento ao Cidad\u00e3o, de que trata o Decreto n\u00ba 22.039, de 11 de novembro de 2015; disp\u00f5e sobre a institui\u00e7\u00e3o do N\u00facleo de Gerenciamento do Acesso \u00e0 Informa\u00e7\u00e3o P\u00fablica, e seu coordenador, na Secretaria de Governo e Seguran\u00e7a Comunit\u00e1ria, e nomea\u00e7\u00e3o de seus membros; e; disp\u00f5e sobre a designa\u00e7\u00e3o da autoridade gestora municipal, nos termos da Lei Federal n\u00ba 12.527, de 18 de novembro de 2011 e Decreto n\u00ba 21.704, de 11 de mar\u00e7o de 2015.<\/ul>\n<ul>\n<li><strong><a href=\"https:\/\/leismunicipais.com.br\/a1\/sp\/s\/sorocaba\/decreto\/2016\/2250\/22494\/decreto-n-22494-2016-altera-a-redacao-do-2-do-artigo-3-e-inclui-o-4-no-artigo-4-do-decreto-n-22039-de-11-de-novembro-de-2015-que-cria-e-regulamenta-a-central-de-atendimento-ao-cidadao-e-o-tratamento-as-demandas-recebidas-referentes-aos-assuntos-de-responsabilidade-da-administracao-direta-e-indireta-da-prefeitura-municipal-de-sorocaba?q=22494\">Decreto Municipal n\u00ba 22.494, de 15 de dezembro de 2016<\/a><\/strong><\/li>\n<\/ul>\n<ul>Altera a reda\u00e7\u00e3o do \u00a7 2\u00ba do artigo 3\u00ba e inclui o \u00a7 4\u00ba no artigo 4\u00ba do Decreto n\u00ba 22.039, de 11 de novembro de 2015, que cria e regulamenta a Central de Atendimento ao Cidad\u00e3o e o tratamento \u00e0s demandas recebidas referentes aos assuntos de responsabilidade da Administra\u00e7\u00e3o Direta e Indireta da Prefeitura Municipal de Sorocaba.<\/ul>\n<p>&nbsp;<\/p>\n<h5>PORTARIAS<\/h5>\n<ul>\n<li><strong><a href=\"http:\/\/controladoria-geral.sorocaba.sp.gov.br\/acesso-a-informacao\/wp-content\/uploads\/sites\/7\/2024\/10\/portaria-ngaip-01-2016-membro-do-nucleo-e-rsi-da-corregedoria-juliana.pdf\">Portaria NGAIP n\u00ba 01\/2016 \u2013 Publicado no Portal da Transpar\u00eancia em 16\/12\/2016.<\/a><\/strong><\/li>\n<\/ul>\n<ul>Designa um Corregedor Municipal para exercer as fun\u00e7\u00f5es de Representante de Servi\u00e7os e Informa\u00e7\u00f5es (RSI) e membro do N\u00facleo de Gerenciamento do Acesso \u00e0 Informa\u00e7\u00e3o P\u00fablica.<\/ul>\n<ul>\n<li><strong><a href=\"http:\/\/controladoria-geral.sorocaba.sp.gov.br\/acesso-a-informacao\/wp-content\/uploads\/sites\/7\/2024\/10\/portaria-ngaip-01-2017-designaco-do-coordenador-crislaine.pdf\">Portaria NGAIP n\u00ba 01\/2017 \u2013 Publicado no Portal da Transpar\u00eancia em 09\/02\/2017.<\/a><\/strong><\/li>\n<\/ul>\n<ul>Designa um Servidor P\u00fablico Municipal para exercer a fun\u00e7\u00e3o de Coordenador do N\u00facleo de Gerenciamento do Acesso \u00e0 Informa\u00e7\u00e3o P\u00fablica.<\/ul>\n<ul>\n<li><strong><a href=\"http:\/\/controladoria-geral.sorocaba.sp.gov.br\/acesso-a-informacao\/wp-content\/uploads\/sites\/7\/2024\/10\/portaria-ngaip-02-2017-designaco-de-procurador-marcia-renata.pdf\">Portaria NGAIP n\u00ba 02\/2017 \u2013 Publicado no Portal da Transpar\u00eancia em 22\/02\/2017.<\/a><\/strong><\/li>\n<\/ul>\n<ul>Designa um Procurador Municipal para exercer a fun\u00e7\u00e3o de membro do N\u00facleo de Gerenciamento do Acesso \u00e0 Informa\u00e7\u00e3o P\u00fablica.<\/ul>\n<ul>\n<li><strong><a href=\"http:\/\/controladoria-geral.sorocaba.sp.gov.br\/acesso-a-informacao\/wp-content\/uploads\/sites\/7\/2024\/10\/portaria-ngaip-01-2018-designa-membro-do-nucleo-juliana-e-rsi-kathiuscia-da-cgm.pdf\">Portaria NGAIP n\u00ba 01\/2018 \u2013 Publicado no Portal da Transpar\u00eancia em 19\/03\/2018.<\/a><\/strong><\/li>\n<\/ul>\n<ul>Designa um Corregedor Municipal para exercer as fun\u00e7\u00f5es de Representante de Servi\u00e7os e Informa\u00e7\u00f5es (RSI), e um Corregedor Municipal para exercer as fun\u00e7\u00f5es de membro do N\u00facleo de Gerenciamento do Acesso \u00e0 Informa\u00e7\u00e3o P\u00fablica.<\/ul>\n<ul>\n<li><strong><a href=\"https:\/\/www.sorocaba.sp.gov.br\/wp-content\/uploads\/2023\/11\/Portaria-NGAIP-01-2019.pdf\">Portaria NGAIP n\u00ba 01\/2019 \u2013 Publicado no Portal da Transpar\u00eancia em 01\/04\/2019.<\/a><\/strong><\/li>\n<\/ul>\n<ul>Designa o Corregedor da Guarda Civil Municipal para exercer as fun\u00e7\u00f5es de membro do N\u00facleo de Gerenciamento do Acesso \u00e0 Informa\u00e7\u00e3o P\u00fablica, revoga o Art. 1\u00ba da Portaria NGAIP 01\/2018.<\/ul>\n<ul>\n<li><strong><a href=\"http:\/\/controladoria-geral.sorocaba.sp.gov.br\/acesso-a-informacao\/wp-content\/uploads\/sites\/7\/2024\/10\/portaria-ngaip-02-2019-designaco-de-membros-da-area-de-ti-klarosk-e-thiago-felipe.pdf\">Portaria NGAIP n\u00ba 02\/2019 \u2013 Publicado no Portal da Transpar\u00eancia em 05\/06\/2019.<\/a><\/strong><\/li>\n<\/ul>\n<ul>Designa servidores da Divis\u00e3o de Infraestrutura e da Divis\u00e3o de Gest\u00e3o de Tecnologia de Informa\u00e7\u00e3o, para exercer as fun\u00e7\u00f5es de membro do N\u00facleo de Gerenciamento do Acesso \u00e0 Informa\u00e7\u00e3o P\u00fablica.<\/ul>\n<ul>\n<li><strong><a href=\"http:\/\/controladoria-geral.sorocaba.sp.gov.br\/acesso-a-informacao\/wp-content\/uploads\/sites\/7\/2024\/10\/portaria-ngaip-02-2019-retificaco-de-selc-para-seplan.pdf\">Retifica\u00e7\u00e3o da Portaria NGAIP n\u00ba 02\/2019 \u2013 Publicado no Portal da Transpar\u00eancia em 07\/06\/2019.<\/a><\/strong><\/li>\n<\/ul>\n<ul>Retifica o Art. 1\u00ba \u2013 incisos I e II, ONDE SE L\u00ca: Secretaria de Licita\u00e7\u00f5es e Contratos (SELC), LEIA-SE: Secretaria de Planejamento e Projetos (SEPLAN).<\/ul>\n<ul>\n<li><strong><a href=\"http:\/\/controladoria-geral.sorocaba.sp.gov.br\/acesso-a-informacao\/wp-content\/uploads\/sites\/7\/2024\/10\/portaria-ngaip-03-2019-substituico-de-membro-da-saj-de-marcia-renata-para-thiago-borges.pdf\">Portaria NGAIP 03\/2019 \u2013 Publicado no Portal da Transpar\u00eancia em 11\/09\/2019.<\/a><\/strong><\/li>\n<\/ul>\n<ul>Designa um Procurador Municipal para exercer a fun\u00e7\u00e3o de membro do N\u00facleo de Gerenciamento do Acesso \u00e0 Informa\u00e7\u00e3o P\u00fablica; revoga a Portaria NGAIP N\u00ba 02\/2017.<\/ul>\n<ul>\n<li><strong><a href=\"http:\/\/controladoria-geral.sorocaba.sp.gov.br\/acesso-a-informacao\/wp-content\/uploads\/sites\/7\/2024\/10\/portaria-ngaip-01-2019-substituico-de-membro-de-juliana-para-jose-roberto.pdf\">Altera\u00e7\u00e3o da Portaria NGAIP n\u00ba 01\/2019 \u2013 Publicado no Portal da Transpar\u00eancia em 29\/10\/2019.<\/a><\/strong><\/li>\n<\/ul>\n<ul>Altera o Art. 1\u00ba, ONDE SE L\u00ca: Corregedor da Guarda Civil Municipal, LEIA-SE: Corregedor.<\/ul>\n<ul>\n<li><strong><a href=\"http:\/\/controladoria-geral.sorocaba.sp.gov.br\/acesso-a-informacao\/wp-content\/uploads\/sites\/7\/2024\/10\/portaria-ngaip-04-2019-substituico-de-membro-da-ti-de-klarosk-para-jeronimo.pdf\">Portaria NGAIP 04\/2019 \u2013 Publicado no Portal da Transpar\u00eancia em 29\/10\/2019.<\/a><\/strong><\/li>\n<\/ul>\n<ul>Designa servidor da Divis\u00e3o de Infraestrutura, para exercer as fun\u00e7\u00f5es de membro do N\u00facleo de Gerenciamento do Acesso \u00e0 Informa\u00e7\u00e3o P\u00fablica, revoga o inciso I do Art. 1\u00ba da Portaria NGAIP N\u00ba 02\/2019.<\/ul>\n<ul>\n<li><strong><a href=\"http:\/\/controladoria-geral.sorocaba.sp.gov.br\/acesso-a-informacao\/wp-content\/uploads\/sites\/7\/2024\/10\/portaria-ngaip-05-2019-designa-rsi-da-cgm-viviane-da-motta-berto.pdf\">Portaria NGAIP 05\/2019 \u2013 Publicado no Portal da Transpar\u00eancia em 05\/11\/2019.<\/a><\/strong><\/li>\n<\/ul>\n<ul>Designa um Corregedor Municipal para exercer as fun\u00e7\u00f5es de Representante de Servi\u00e7os e Informa\u00e7\u00f5es (RSI), revoga a Portaria NGAIP N\u00ba 01\/2018.<\/ul>\n<ul>\n<li><strong><a href=\"http:\/\/controladoria-geral.sorocaba.sp.gov.br\/acesso-a-informacao\/wp-content\/uploads\/sites\/7\/2024\/10\/portaria-ngaip-01-2020-substituico-de-membro-da-dgti-de-thiago-felipe-para-jose-miguel.pdf\">Portaria NGAIP 01\/2020 \u2013 Publicado no Portal da Transpar\u00eancia em 31\/07\/2020.<\/a><\/strong><\/li>\n<\/ul>\n<ul>Designa servidor da Divis\u00e3o de Gest\u00e3o de Tecnologia de Informa\u00e7\u00e3o, para exercer as fun\u00e7\u00f5es de membro do N\u00facleo de Gerenciamento do Acesso \u00e0 Informa\u00e7\u00e3o P\u00fablica, revoga a Portaria NGAIP N\u00ba 02\/2019.<\/ul>\n<ul>\n<li><strong><a href=\"http:\/\/controladoria-geral.sorocaba.sp.gov.br\/acesso-a-informacao\/wp-content\/uploads\/sites\/7\/2024\/10\/portaria-ngaip-02-2020-nomeaco-de-membro-da-cgm-robles-matheus-soares-vaz.pdf\">Portaria NGAIP 02\/2020 \u2013 Publicado no Portal da Transpar\u00eancia em 10\/09\/2020.<\/a><\/strong><\/li>\n<\/ul>\n<ul>Designa servidor da Controladoria Geral do Munic\u00edpio, para exercer as fun\u00e7\u00f5es de membro do N\u00facleo de Gerenciamento do Acesso \u00e0 Informa\u00e7\u00e3o P\u00fablica, indica membros para a fun\u00e7\u00e3o Titular e Suplente de Coordenador.<\/ul>\n<ul>\n<li><strong><a href=\"http:\/\/controladoria-geral.sorocaba.sp.gov.br\/acesso-a-informacao\/wp-content\/uploads\/sites\/7\/2024\/10\/portaria-ngaip-01-2019-revogaco-da-alteraco-de-cgcm-para-cgm.pdf\">Revoga\u00e7\u00e3o da Altera\u00e7\u00e3o da Portaria NGAIP 01\/2019 \u2013 Publicado no Portal da Transpar\u00eancia em 20\/01\/2021.<\/a><\/strong><\/li>\n<\/ul>\n<ul>Revoga a Altera\u00e7\u00e3o da Portaria NGAIP n\u00ba 01\/2019, considerando que o Art. 1\u00ba retornou \u00e0 sua reda\u00e7\u00e3o original.<\/ul>\n<ul>\n<li><strong><a href=\"http:\/\/controladoria-geral.sorocaba.sp.gov.br\/acesso-a-informacao\/wp-content\/uploads\/sites\/7\/2024\/10\/portaria-ngaip-01-2021-altera-designaco-de-jose-miguel-sant-ana.pdf\">Portaria NGAIP 01\/2021 \u2013 Publicado no Portal da Transpar\u00eancia em 04\/03\/2021.<\/a><\/strong><\/li>\n<\/ul>\n<ul>Designa servidor da Divis\u00e3o de Infraestrutura, para exercer as fun\u00e7\u00f5es de membro do N\u00facleo de Gerenciamento do Acesso \u00e0 Informa\u00e7\u00e3o P\u00fablica, revoga a PORTARIA NGAIP N\u00ba 04\/2019.<\/ul>\n<ul>\n<li><strong><a href=\"http:\/\/controladoria-geral.sorocaba.sp.gov.br\/acesso-a-informacao\/wp-content\/uploads\/sites\/7\/2024\/10\/portaria-ngaip-01-2021-retificaco-de-seplan-para-sead.pdf\">Retifica\u00e7\u00e3o da Portaria NGAIP 01\/2021 \u2013 Publicado no Portal da Transpar\u00eancia em 04\/03\/2021.<\/a><\/strong><\/li>\n<\/ul>\n<ul>Retifica o Art. 1\u00ba, ONDE SE L\u00ca: Secretaria de Planejamento (SEPLAN), LEIA-SE: Secretaria de Administra\u00e7\u00e3o (SEAD).<\/ul>\n<ul>\n<li><strong><a href=\"http:\/\/controladoria-geral.sorocaba.sp.gov.br\/acesso-a-informacao\/wp-content\/uploads\/sites\/7\/2024\/10\/portaria-ngaip-02-2021-designaco-de-bruna-pessini-molina-dgti.pdf\">Portaria NGAIP 02\/2021 \u2013 Publicado no Portal da Transpar\u00eancia em 11\/03\/2021.<\/a><\/strong><\/li>\n<\/ul>\n<ul>Designa servidor da Divis\u00e3o de Gest\u00e3o de Tecnologia de Informa\u00e7\u00e3o, para exercer as fun\u00e7\u00f5es de membro do N\u00facleo de Gerenciamento do Acesso \u00e0 Informa\u00e7\u00e3o P\u00fablica.<\/ul>\n<ul>\n<li><strong><a href=\"http:\/\/controladoria-geral.sorocaba.sp.gov.br\/acesso-a-informacao\/wp-content\/uploads\/sites\/7\/2024\/10\/portaria-ngaip-03-2021-designaco-de-cristiano-vaz-audi.pdf\">Portaria NGAIP 03\/2021 \u2013 Publicado no Portal da Transpar\u00eancia em 17\/05\/2021.<\/a><\/strong><\/li>\n<\/ul>\n<ul>Designa servidor da Auditoria Geral, para exercer as fun\u00e7\u00f5es de membro do N\u00facleo de Gerenciamento do Acesso \u00e0 Informa\u00e7\u00e3o P\u00fablica, no per\u00edodo de 17\/05\/2021 a 21\/05\/2021.<\/ul>\n<ul>\n<li><strong><a href=\"http:\/\/controladoria-geral.sorocaba.sp.gov.br\/acesso-a-informacao\/wp-content\/uploads\/sites\/7\/2024\/10\/portaria-ngaip-04-2021-designaco-de-juliana-barbosa-do-nascimento-cgm.pdf\">Portaria NGAIP 04\/2021 \u2013 Publicado no Portal da Transpar\u00eancia em 17\/05\/2021.<\/a><\/strong><\/li>\n<\/ul>\n<ul>Designa servidor da Corregedoria Geral, para exercer as fun\u00e7\u00f5es de membro do N\u00facleo de Gerenciamento do Acesso \u00e0 Informa\u00e7\u00e3o P\u00fablica, no per\u00edodo de 17\/05\/2021 a 21\/05\/2021.<\/ul>\n<ul>\n<li><strong><a href=\"http:\/\/controladoria-geral.sorocaba.sp.gov.br\/acesso-a-informacao\/wp-content\/uploads\/sites\/7\/2024\/10\/portaria-ngaip-01-2022-designaco-dos-membros-do-ngaip.pdf\">Portaria NGAIP 01\/2022 \u2013 Publicado no Portal da Transpar\u00eancia em 08\/02\/2022.<\/a><\/strong><\/li>\n<\/ul>\n<ul>Designa servidores para exercerem as fun\u00e7\u00f5es de membro do N\u00facleo de Gerenciamento do Acesso \u00e0 Informa\u00e7\u00e3o P\u00fablica, indica o Titular e Suplentes de Coordenador do N\u00facleo de Gerenciamento do Acesso \u00e0 Informa\u00e7\u00e3o P\u00fablica e revoga dispositivos.<\/ul>\n<ul>\n<li><strong><a href=\"http:\/\/controladoria-geral.sorocaba.sp.gov.br\/acesso-a-informacao\/wp-content\/uploads\/sites\/7\/2024\/10\/portaria-ngaip-02-2022-designaco-dos-membros-do-ngaip.pdf\">Portaria NGAIP 02\/2022 \u2013 Publicado no Portal da Transpar\u00eancia em 22\/08\/2022.<\/a><\/strong><\/li>\n<\/ul>\n<ul>Designa servidores para exercerem as fun\u00e7\u00f5es de membro do N\u00facleo de Gerenciamento do Acesso \u00e0 Informa\u00e7\u00e3o P\u00fablica, indica o Titular e Suplentes de Coordenador do N\u00facleo de Gerenciamento do Acesso \u00e0 Informa\u00e7\u00e3o P\u00fablica e revoga a Portaria NGAIP N\u00ba 01\/2022.<\/ul>\n<ul>\n<li><strong><a href=\"http:\/\/controladoria-geral.sorocaba.sp.gov.br\/acesso-a-informacao\/wp-content\/uploads\/sites\/7\/2024\/10\/portaria-ngaip-01-2024.pdf\" target=\"_blank\" rel=\"noopener\">Portaria NGAIP 01\/2024 \u2013 Publicado no Portal da Transpar\u00eancia em 09\/01\/2024.<\/a><\/strong><\/li>\n<\/ul>\n<ul>Designa servidores para exercerem as fun\u00e7\u00f5es de membro do N\u00facleo de Gerenciamento do Acesso \u00e0 Informa\u00e7\u00e3o P\u00fablica, indica o Titular e Suplentes de Coordenador do N\u00facleo de Gerenciamento do Acesso \u00e0 Informa\u00e7\u00e3o P\u00fablica e revoga a Portaria NGAIP N\u00ba 02\/2022.<\/ul>\n<p>&nbsp;<\/p>\n<h5>RESOLU\u00c7\u00d5ES<\/h5>\n<ul>\n<li><strong><a href=\"http:\/\/controladoria-geral.sorocaba.sp.gov.br\/acesso-a-informacao\/wp-content\/uploads\/sites\/7\/2024\/10\/resolucaongaip01-2016-1.pdf\">Resolu\u00e7\u00e3o NGAIP n\u00ba 01\/2016 \u2013 Publicado no Portal da Transpar\u00eancia em 20\/12\/2016.<\/a><\/strong><\/li>\n<\/ul>\n<ul>Disp\u00f5e sobre a forma de registro do pedido de informa\u00e7\u00e3o do Cadastro Tribut\u00e1rio de Im\u00f3veis da Prefeitura de Sorocaba.<\/ul>\n<p>&nbsp;<\/p>\n<h5>INSTRU\u00c7\u00d5ES NORMATIVAS<\/h5>\n<ul>\n<li><strong><a href=\"http:\/\/controladoria-geral.sorocaba.sp.gov.br\/acesso-a-informacao\/wp-content\/uploads\/sites\/7\/2024\/10\/instrucaosedusgc012019.pdf\">Instru\u00e7\u00e3o Conjunta SEDU \/ SGC N\u00ba 01, de 11 de Junho de 2019.<\/a><\/strong><\/li>\n<\/ul>\n<ul>Disp\u00f5e sobre os procedimentos operacionais para a divulga\u00e7\u00e3o no Portal da Transpar\u00eancia, das presta\u00e7\u00f5es de contas relativas aos adiantamentos para despesas emergenciais e mi\u00fadas da Secretaria da Educa\u00e7\u00e3o. Publicada no Jornal do Munic\u00edpio do dia 17\/06\/2019, edi\u00e7\u00e3o n\u00ba 2284, p\u00e1gina 01.<\/ul>\n<p>&nbsp;<\/p>\n","protected":false},"excerpt":{"rendered":"<p>Neste local est\u00e3o divulgadas as legisla\u00e7\u00f5es e as normas relacionadas \u00e0 Lei de Acesso \u00e0 Informa\u00e7\u00e3o no \u00e2mbito da Prefeitura Municipal de Sorocaba. &nbsp; Constitui\u00e7\u00e3o da Rep\u00fablica Federativa do Brasil &nbsp; LEGISLA\u00c7\u00c3O Lei de Acesso \u00e0 Informa\u00e7\u00e3o Regula o acesso a informa\u00e7\u00f5es previsto no inciso XXXIII do art. 5\u00ba , no inciso II do \u00a7&nbsp; <a href=\"https:\/\/controladoria-geral.sorocaba.sp.gov.br\/acesso-a-informacao\/legislacao-e-normas\/\">&hellip; Leia mais<\/a><\/p>\n","protected":false},"author":53,"featured_media":0,"parent":0,"menu_order":0,"comment_status":"closed","ping_status":"closed","template":"page-subsite-menu.php","meta":{"footnotes":""},"class_list":["post-27","page","type-page","status-publish","hentry"],"_links":{"self":[{"href":"https:\/\/controladoria-geral.sorocaba.sp.gov.br\/acesso-a-informacao\/wp-json\/wp\/v2\/pages\/27","targetHints":{"allow":["GET"]}}],"collection":[{"href":"https:\/\/controladoria-geral.sorocaba.sp.gov.br\/acesso-a-informacao\/wp-json\/wp\/v2\/pages"}],"about":[{"href":"https:\/\/controladoria-geral.sorocaba.sp.gov.br\/acesso-a-informacao\/wp-json\/wp\/v2\/types\/page"}],"author":[{"embeddable":true,"href":"https:\/\/controladoria-geral.sorocaba.sp.gov.br\/acesso-a-informacao\/wp-json\/wp\/v2\/users\/53"}],"replies":[{"embeddable":true,"href":"https:\/\/controladoria-geral.sorocaba.sp.gov.br\/acesso-a-informacao\/wp-json\/wp\/v2\/comments?post=27"}],"version-history":[{"count":5,"href":"https:\/\/controladoria-geral.sorocaba.sp.gov.br\/acesso-a-informacao\/wp-json\/wp\/v2\/pages\/27\/revisions"}],"predecessor-version":[{"id":129,"href":"https:\/\/controladoria-geral.sorocaba.sp.gov.br\/acesso-a-informacao\/wp-json\/wp\/v2\/pages\/27\/revisions\/129"}],"wp:attachment":[{"href":"https:\/\/controladoria-geral.sorocaba.sp.gov.br\/acesso-a-informacao\/wp-json\/wp\/v2\/media?parent=27"}],"curies":[{"name":"wp","href":"https:\/\/api.w.org\/{rel}","templated":true}]}}