{"id":31,"date":"2024-04-25T12:31:18","date_gmt":"2024-04-25T15:31:18","guid":{"rendered":"http:\/\/controladoria-geral.sorocaba.sp.gov.br\/acesso-a-informacao\/?page_id=31"},"modified":"2025-03-31T16:47:32","modified_gmt":"2025-03-31T19:47:32","slug":"classificacao-de-informacao","status":"publish","type":"page","link":"https:\/\/controladoria-geral.sorocaba.sp.gov.br\/acesso-a-informacao\/classificacao-de-informacao\/","title":{"rendered":"Classifica\u00e7\u00e3o de Informa\u00e7\u00e3o"},"content":{"rendered":"<p>Neste local s\u00e3o divulgadas as informa\u00e7\u00f5es referentes a classifica\u00e7\u00e3o de informa\u00e7\u00f5es em conformidade com o disposto no art. 30 da Lei de Acesso \u00e0 Informa\u00e7\u00e3o.<\/p>\n<p><strong>Informa\u00e7\u00f5es classificadas pela Prefeitura Municipal de Sorocaba:<\/strong><\/p>\n<p>Janeiro de 2022 a Dezembro de 2022: N\u00e3o houve classifica\u00e7\u00e3o de informa\u00e7\u00e3o.<\/p>\n<p>Janeiro de 2023 a Dezembro de 2023: N\u00e3o houve classifica\u00e7\u00e3o de informa\u00e7\u00e3o.<\/p>\n<p>Janeiro de 2024 a Dezembro de 2024: N\u00e3o houve classifica\u00e7\u00e3o de informa\u00e7\u00e3o.<\/p>\n<p><strong>Informa\u00e7\u00f5es desclassificadas pela Prefeitura Municipal de Sorocaba:<\/strong><\/p>\n<p>Janeiro de 2022 a Dezembro de 2022: N\u00e3o houve desclassifica\u00e7\u00e3o de informa\u00e7\u00e3o.<\/p>\n<p>Janeiro de 2023 a Dezembro de 2023: N\u00e3o houve desclassifica\u00e7\u00e3o de informa\u00e7\u00e3o.<\/p>\n<p>Janeiro de 2024 a Dezembro de 2024: N\u00e3o houve desclassifica\u00e7\u00e3o de informa\u00e7\u00e3o.<\/p>\n","protected":false},"excerpt":{"rendered":"<p>Neste local s\u00e3o divulgadas as informa\u00e7\u00f5es referentes a classifica\u00e7\u00e3o de informa\u00e7\u00f5es em conformidade com o disposto no art. 30 da Lei de Acesso \u00e0 Informa\u00e7\u00e3o. Informa\u00e7\u00f5es classificadas pela Prefeitura Municipal de Sorocaba: Janeiro de 2022 a Dezembro de 2022: N\u00e3o houve classifica\u00e7\u00e3o de informa\u00e7\u00e3o. Janeiro de 2023 a Dezembro de 2023: N\u00e3o houve classifica\u00e7\u00e3o de&nbsp; <a href=\"https:\/\/controladoria-geral.sorocaba.sp.gov.br\/acesso-a-informacao\/classificacao-de-informacao\/\">&hellip; Leia mais<\/a><\/p>\n","protected":false},"author":53,"featured_media":0,"parent":0,"menu_order":0,"comment_status":"closed","ping_status":"closed","template":"page-subsite-menu.php","meta":{"footnotes":""},"class_list":["post-31","page","type-page","status-publish","hentry"],"_links":{"self":[{"href":"https:\/\/controladoria-geral.sorocaba.sp.gov.br\/acesso-a-informacao\/wp-json\/wp\/v2\/pages\/31","targetHints":{"allow":["GET"]}}],"collection":[{"href":"https:\/\/controladoria-geral.sorocaba.sp.gov.br\/acesso-a-informacao\/wp-json\/wp\/v2\/pages"}],"about":[{"href":"https:\/\/controladoria-geral.sorocaba.sp.gov.br\/acesso-a-informacao\/wp-json\/wp\/v2\/types\/page"}],"author":[{"embeddable":true,"href":"https:\/\/controladoria-geral.sorocaba.sp.gov.br\/acesso-a-informacao\/wp-json\/wp\/v2\/users\/53"}],"replies":[{"embeddable":true,"href":"https:\/\/controladoria-geral.sorocaba.sp.gov.br\/acesso-a-informacao\/wp-json\/wp\/v2\/comments?post=31"}],"version-history":[{"count":7,"href":"https:\/\/controladoria-geral.sorocaba.sp.gov.br\/acesso-a-informacao\/wp-json\/wp\/v2\/pages\/31\/revisions"}],"predecessor-version":[{"id":139,"href":"https:\/\/controladoria-geral.sorocaba.sp.gov.br\/acesso-a-informacao\/wp-json\/wp\/v2\/pages\/31\/revisions\/139"}],"wp:attachment":[{"href":"https:\/\/controladoria-geral.sorocaba.sp.gov.br\/acesso-a-informacao\/wp-json\/wp\/v2\/media?parent=31"}],"curies":[{"name":"wp","href":"https:\/\/api.w.org\/{rel}","templated":true}]}}