{"id":34,"date":"2024-04-25T12:43:43","date_gmt":"2024-04-25T15:43:43","guid":{"rendered":"http:\/\/controladoria-geral.sorocaba.sp.gov.br\/acesso-a-informacao\/?page_id=34"},"modified":"2025-03-31T16:47:03","modified_gmt":"2025-03-31T19:47:03","slug":"restricao-a-informacao","status":"publish","type":"page","link":"https:\/\/controladoria-geral.sorocaba.sp.gov.br\/acesso-a-informacao\/restricao-a-informacao\/","title":{"rendered":"Restri\u00e7\u00e3o de acesso \u00e0 Informa\u00e7\u00e3o"},"content":{"rendered":"<h4>As restri\u00e7\u00f5es de acesso \u00e0 informa\u00e7\u00e3o s\u00e3o hip\u00f3teses legais de limita\u00e7\u00e3o do direito \u00e0 informa\u00e7\u00e3o em casos espec\u00edficos e por tempo determinado. As exce\u00e7\u00f5es s\u00e3o:<\/h4>\n<p><strong>Informa\u00e7\u00f5es Pessoais:<\/strong><\/p>\n<p>S\u00e3o informa\u00e7\u00f5es referente \u00e0 pessoas naturais, identificadas ou identific\u00e1veis, relativas \u00e0 sua intimidade, vida privada, honra e imagem, bem como \u00e0s liberdades e garantias individuais. Seu acesso \u00e9 restrito por um prazo de at\u00e9 100 anos, tendo seu acesso permitido aos titulares, por terceiros mediante consentimento expresso do titular, e nas demais hip\u00f3teses previstas no art. 31 da Lei de Acesso \u00e0 Informa\u00e7\u00e3o.<\/p>\n<p><strong>Informa\u00e7\u00f5es Sigilosas:<\/strong><\/p>\n<p>S\u00e3o informa\u00e7\u00f5es protegidas por outras legisla\u00e7\u00f5es, tais como o sigilo fiscal, banc\u00e1rio, industrial, empresarial, de justi\u00e7a, das sociedades an\u00f4nimas, decorrente de direitos autorais e decorrente de risco \u00e0 competitividade e \u00e0 governan\u00e7a empresarial.<\/p>\n<p><strong>Informa\u00e7\u00f5es Classificadas:<\/strong><\/p>\n<p>S\u00e3o informa\u00e7\u00f5es consideradas imprescind\u00edveis \u00e0 seguran\u00e7a da sociedade ou do Estado, definidas pelo poder p\u00fablico, entre as hip\u00f3teses previstas no art. 23 da Lei de Acesso \u00e0 Informa\u00e7\u00e3o. Podem ser classificadas em:<\/p>\n<ul>\n<li>Ultrassecreta: com dura\u00e7\u00e3o m\u00e1xima de at\u00e9 25 anos;<\/li>\n<li>Secreta: com dura\u00e7\u00e3o m\u00e1xima de at\u00e9 15 anos;<\/li>\n<li>Reservada: com dura\u00e7\u00e3o m\u00e1xima de at\u00e9 05 anos.<\/li>\n<\/ul>\n<p><strong>Processo decis\u00f3rio em curso:<\/strong><\/p>\n<p>S\u00e3o informa\u00e7\u00f5es temporariamente restritas utilizadas como fundamento de ato decis\u00f3rio ou tomada de decis\u00e3o em curso, podendo, crit\u00e9rio da autoridade, ter seu acesso negado at\u00e9 a edi\u00e7\u00e3o do ato.<\/p>\n","protected":false},"excerpt":{"rendered":"<p>As restri\u00e7\u00f5es de acesso \u00e0 informa\u00e7\u00e3o s\u00e3o hip\u00f3teses legais de limita\u00e7\u00e3o do direito \u00e0 informa\u00e7\u00e3o em casos espec\u00edficos e por tempo determinado. As exce\u00e7\u00f5es s\u00e3o: Informa\u00e7\u00f5es Pessoais: S\u00e3o informa\u00e7\u00f5es referente \u00e0 pessoas naturais, identificadas ou identific\u00e1veis, relativas \u00e0 sua intimidade, vida privada, honra e imagem, bem como \u00e0s liberdades e garantias individuais. Seu acesso \u00e9&nbsp; <a href=\"https:\/\/controladoria-geral.sorocaba.sp.gov.br\/acesso-a-informacao\/restricao-a-informacao\/\">&hellip; Leia mais<\/a><\/p>\n","protected":false},"author":53,"featured_media":0,"parent":0,"menu_order":0,"comment_status":"closed","ping_status":"closed","template":"page-subsite-menu.php","meta":{"footnotes":""},"class_list":["post-34","page","type-page","status-publish","hentry"],"_links":{"self":[{"href":"https:\/\/controladoria-geral.sorocaba.sp.gov.br\/acesso-a-informacao\/wp-json\/wp\/v2\/pages\/34","targetHints":{"allow":["GET"]}}],"collection":[{"href":"https:\/\/controladoria-geral.sorocaba.sp.gov.br\/acesso-a-informacao\/wp-json\/wp\/v2\/pages"}],"about":[{"href":"https:\/\/controladoria-geral.sorocaba.sp.gov.br\/acesso-a-informacao\/wp-json\/wp\/v2\/types\/page"}],"author":[{"embeddable":true,"href":"https:\/\/controladoria-geral.sorocaba.sp.gov.br\/acesso-a-informacao\/wp-json\/wp\/v2\/users\/53"}],"replies":[{"embeddable":true,"href":"https:\/\/controladoria-geral.sorocaba.sp.gov.br\/acesso-a-informacao\/wp-json\/wp\/v2\/comments?post=34"}],"version-history":[{"count":5,"href":"https:\/\/controladoria-geral.sorocaba.sp.gov.br\/acesso-a-informacao\/wp-json\/wp\/v2\/pages\/34\/revisions"}],"predecessor-version":[{"id":138,"href":"https:\/\/controladoria-geral.sorocaba.sp.gov.br\/acesso-a-informacao\/wp-json\/wp\/v2\/pages\/34\/revisions\/138"}],"wp:attachment":[{"href":"https:\/\/controladoria-geral.sorocaba.sp.gov.br\/acesso-a-informacao\/wp-json\/wp\/v2\/media?parent=34"}],"curies":[{"name":"wp","href":"https:\/\/api.w.org\/{rel}","templated":true}]}}