{"id":37,"date":"2024-04-25T12:44:13","date_gmt":"2024-04-25T15:44:13","guid":{"rendered":"http:\/\/controladoria-geral.sorocaba.sp.gov.br\/acesso-a-informacao\/?page_id=37"},"modified":"2024-07-16T13:37:06","modified_gmt":"2024-07-16T16:37:06","slug":"recursos","status":"publish","type":"page","link":"https:\/\/controladoria-geral.sorocaba.sp.gov.br\/acesso-a-informacao\/recursos\/","title":{"rendered":"Recursos"},"content":{"rendered":"<p style=\"text-align: justify\">Em caso de indeferimento do acesso \u00e0s informa\u00e7\u00f5es, ou se o requerente discordar das raz\u00f5es apresentadas como justificativa para negativa de acesso, poder\u00e1 interpor recurso em face da decis\u00e3o no prazo de 10 (dez) dias, a contar da sua ci\u00eancia, que \u00e9 realizada instantaneamente pelo sistema.<\/p>\n<h4 style=\"text-align: justify\"><strong>O que \u00e9 e para que serve o recurso em um pedido de informa\u00e7\u00e3o?<\/strong><\/h4>\n<p style=\"text-align: justify\">Os recursos s\u00e3o instrumentos processuais que buscam a impugna\u00e7\u00e3o ou revis\u00e3o de uma decis\u00e3o proferida. No \u00e2mbito dos pedidos de informa\u00e7\u00e3o, eles servem para que o requerente apresente os fundamentos pelo qual n\u00e3o concorda com a decis\u00e3o proferida ao pedido inicial formulado, seja em caso de indeferimento ou mesmo pela resposta inadequada ao questionamento formulado.<\/p>\n<p style=\"text-align: justify\">Em caso de indeferimento do acesso \u00e0s informa\u00e7\u00f5es, ou se o requerente discordar das raz\u00f5es apresentadas como justificativa para negativa de acesso, poder\u00e1 interpor recurso em face da decis\u00e3o no prazo de 10 (dez) dias, a contar da sua ci\u00eancia, que \u00e9 realizada instantaneamente pelo sistema.<\/p>\n<p style=\"text-align: justify\"><strong>N\u00e3o ser\u00e1 conhecido o recurso:<\/strong><\/p>\n<ul style=\"text-align: justify\">\n<li>Quando interposto fora do prazo;<\/li>\n<li>Se o recorrente n\u00e3o for o requerente do pedido inicial;<\/li>\n<li>Quando houver demanda judicial sobre o mesmo assunto.<\/li>\n<\/ul>\n<p style=\"text-align: justify\"><strong>Quais decis\u00f5es podem existir em um recurso?<\/strong><\/p>\n<ul style=\"text-align: justify\">\n<li>Deferimento;<\/li>\n<li>Deferimento parcial;<\/li>\n<li>Indeferimento;<\/li>\n<li>Perda do objeto.<\/li>\n<\/ul>\n<p style=\"text-align: justify\"><strong>Prazo para solicita\u00e7\u00e3o:<\/strong><\/p>\n<p style=\"text-align: justify\">1\u00aa inst\u00e2ncia:\u00a0Em 10 dias ap\u00f3s resposta ao requerimento inicial.<\/p>\n<p style=\"text-align: justify\">2\u00aa inst\u00e2ncia:\u00a0Em 05 dias ap\u00f3s resposta ao recurso em 1\u00aa inst\u00e2ncia.<\/p>\n<p style=\"text-align: justify\"><strong>Prazo para resposta:<\/strong><\/p>\n<p style=\"text-align: justify\">1\u00aa inst\u00e2ncia:\u00a0Em 05 dias ap\u00f3s cientifica\u00e7\u00e3o oficial do recurso protocolado.<\/p>\n<p style=\"text-align: justify\">2\u00aa inst\u00e2ncia:\u00a0Em 10 dias ap\u00f3s cientifica\u00e7\u00e3o oficial do recurso protocolado.<\/p>\n<p style=\"text-align: justify\"><strong>Quem toma decis\u00e3o sobre os recursos apresentados:<\/strong><\/p>\n<p style=\"text-align: justify\">1\u00aa inst\u00e2ncia: Coordenador de Prote\u00e7\u00e3o de Dados Pessoais.<\/p>\n<p style=\"text-align: justify\">2\u00aa inst\u00e2ncia: Controlador-Geral do Munic\u00edpio.<\/p>\n","protected":false},"excerpt":{"rendered":"<p>Em caso de indeferimento do acesso \u00e0s informa\u00e7\u00f5es, ou se o requerente discordar das raz\u00f5es apresentadas como justificativa para negativa de acesso, poder\u00e1 interpor recurso em face da decis\u00e3o no prazo de 10 (dez) dias, a contar da sua ci\u00eancia, que \u00e9 realizada instantaneamente pelo sistema. O que \u00e9 e para que serve o recurso&nbsp; <a href=\"https:\/\/controladoria-geral.sorocaba.sp.gov.br\/acesso-a-informacao\/recursos\/\">&hellip; Leia mais<\/a><\/p>\n","protected":false},"author":53,"featured_media":0,"parent":0,"menu_order":0,"comment_status":"closed","ping_status":"closed","template":"page-subsite-menu.php","meta":{"footnotes":""},"class_list":["post-37","page","type-page","status-publish","hentry"],"_links":{"self":[{"href":"https:\/\/controladoria-geral.sorocaba.sp.gov.br\/acesso-a-informacao\/wp-json\/wp\/v2\/pages\/37","targetHints":{"allow":["GET"]}}],"collection":[{"href":"https:\/\/controladoria-geral.sorocaba.sp.gov.br\/acesso-a-informacao\/wp-json\/wp\/v2\/pages"}],"about":[{"href":"https:\/\/controladoria-geral.sorocaba.sp.gov.br\/acesso-a-informacao\/wp-json\/wp\/v2\/types\/page"}],"author":[{"embeddable":true,"href":"https:\/\/controladoria-geral.sorocaba.sp.gov.br\/acesso-a-informacao\/wp-json\/wp\/v2\/users\/53"}],"replies":[{"embeddable":true,"href":"https:\/\/controladoria-geral.sorocaba.sp.gov.br\/acesso-a-informacao\/wp-json\/wp\/v2\/comments?post=37"}],"version-history":[{"count":5,"href":"https:\/\/controladoria-geral.sorocaba.sp.gov.br\/acesso-a-informacao\/wp-json\/wp\/v2\/pages\/37\/revisions"}],"predecessor-version":[{"id":98,"href":"https:\/\/controladoria-geral.sorocaba.sp.gov.br\/acesso-a-informacao\/wp-json\/wp\/v2\/pages\/37\/revisions\/98"}],"wp:attachment":[{"href":"https:\/\/controladoria-geral.sorocaba.sp.gov.br\/acesso-a-informacao\/wp-json\/wp\/v2\/media?parent=37"}],"curies":[{"name":"wp","href":"https:\/\/api.w.org\/{rel}","templated":true}]}}